{"id":2,"date":"2018-01-02T14:54:53","date_gmt":"2018-01-02T14:54:53","guid":{"rendered":"http:\/\/kavnet.com.ar\/wp2\/?page_id=2"},"modified":"2018-01-02T19:45:45","modified_gmt":"2018-01-02T19:45:45","slug":"sample-page","status":"publish","type":"page","link":"https:\/\/kavnet.com.ar\/wp2\/","title":{"rendered":"Qui\u00e9nes Somos?"},"content":{"rendered":"<p><span style=\"color: #000000;\"><strong>Kavnet Soluciones<\/strong> nace con el prop\u00f3sito de asesorar y ense\u00f1ar a las empresas en la\u00a0 optimizaci\u00f3n y aprovechamiento de los recursos tecnol\u00f3gicos que se necesiten para el desarrollo de su actividad. Adem\u00e1s proporcionamos diferentes servicios que van desde la implementaci\u00f3n de las soluciones hasta la capacitaci\u00f3n de equipos de trabajo. Nuestra propuesta es que conf\u00ede en nosotros para acompa\u00f1arlo a que juntos construyamos el \u00e9xito de su empresa.<\/span><\/p>\n","protected":false},"excerpt":{"rendered":"<p>Kavnet Soluciones nace con el prop\u00f3sito de asesorar y ense\u00f1ar a las empresas en la\u00a0 optimizaci\u00f3n y aprovechamiento de los recursos tecnol\u00f3gicos que se necesiten para el desarrollo de su actividad. Adem\u00e1s proporcionamos diferentes servicios que van desde la implementaci\u00f3n de las soluciones hasta la capacitaci\u00f3n de equipos de trabajo. Nuestra propuesta es que conf\u00ede<span class=\"post-excerpt-end\">&hellip;<\/span><\/p>\n<p class=\"more-link\"><a href=\"https:\/\/kavnet.com.ar\/wp2\/\" class=\"themebutton\">Leer m\u00e1s<\/a><\/p>\n","protected":false},"author":1,"featured_media":0,"parent":0,"menu_order":0,"comment_status":"closed","ping_status":"open","template":"","meta":{"footnotes":""},"class_list":["post-2","page","type-page","status-publish","hentry"],"_links":{"self":[{"href":"https:\/\/kavnet.com.ar\/wp2\/wp-json\/wp\/v2\/pages\/2","targetHints":{"allow":["GET"]}}],"collection":[{"href":"https:\/\/kavnet.com.ar\/wp2\/wp-json\/wp\/v2\/pages"}],"about":[{"href":"https:\/\/kavnet.com.ar\/wp2\/wp-json\/wp\/v2\/types\/page"}],"author":[{"embeddable":true,"href":"https:\/\/kavnet.com.ar\/wp2\/wp-json\/wp\/v2\/users\/1"}],"replies":[{"embeddable":true,"href":"https:\/\/kavnet.com.ar\/wp2\/wp-json\/wp\/v2\/comments?post=2"}],"version-history":[{"count":4,"href":"https:\/\/kavnet.com.ar\/wp2\/wp-json\/wp\/v2\/pages\/2\/revisions"}],"predecessor-version":[{"id":52,"href":"https:\/\/kavnet.com.ar\/wp2\/wp-json\/wp\/v2\/pages\/2\/revisions\/52"}],"wp:attachment":[{"href":"https:\/\/kavnet.com.ar\/wp2\/wp-json\/wp\/v2\/media?parent=2"}],"curies":[{"name":"wp","href":"https:\/\/api.w.org\/{rel}","templated":true}]}}