{"id":18,"date":"2018-01-02T15:51:13","date_gmt":"2018-01-02T15:51:13","guid":{"rendered":"http:\/\/kavnet.com.ar\/wp2\/?page_id=18"},"modified":"2018-01-11T00:04:41","modified_gmt":"2018-01-11T03:04:41","slug":"publicaciones","status":"publish","type":"page","link":"https:\/\/kavnet.com.ar\/wp2\/publicaciones\/","title":{"rendered":"Publicaciones"},"content":{"rendered":"<p>En esta secci\u00f3n encontrar\u00e1 los videos con breves explicaciones sobre las diferentes tecnolog\u00edas\u00a0 que puede desplegar en su red<\/p>\n<p>&nbsp;<\/p>\n<p><span style=\"color: #0000ff;\">1 &#8211; <a style=\"color: #0000ff;\" href=\"https:\/\/www.youtube.com\/watch?v=nHnh8mCvwUk\">Manejo de archivos en una empresa\u00a0<\/a><\/span><\/p>\n<p><span style=\"color: #0000ff;\">2- <a style=\"color: #0000ff;\" href=\"https:\/\/www.youtube.com\/watch?v=GG0I8hqrWr8\">Seguridad de Informaci\u00f3n<\/a><\/span><\/p>\n<p>&nbsp;<\/p>\n","protected":false},"excerpt":{"rendered":"<p>En esta secci\u00f3n encontrar\u00e1 los videos con breves explicaciones sobre las diferentes tecnolog\u00edas\u00a0 que puede desplegar en su red &nbsp; 1 &#8211; Manejo de archivos en una empresa\u00a0 2- Seguridad de Informaci\u00f3n &nbsp;<\/p>\n","protected":false},"author":1,"featured_media":0,"parent":0,"menu_order":0,"comment_status":"closed","ping_status":"closed","template":"","meta":{"footnotes":""},"class_list":["post-18","page","type-page","status-publish","hentry"],"_links":{"self":[{"href":"https:\/\/kavnet.com.ar\/wp2\/wp-json\/wp\/v2\/pages\/18","targetHints":{"allow":["GET"]}}],"collection":[{"href":"https:\/\/kavnet.com.ar\/wp2\/wp-json\/wp\/v2\/pages"}],"about":[{"href":"https:\/\/kavnet.com.ar\/wp2\/wp-json\/wp\/v2\/types\/page"}],"author":[{"embeddable":true,"href":"https:\/\/kavnet.com.ar\/wp2\/wp-json\/wp\/v2\/users\/1"}],"replies":[{"embeddable":true,"href":"https:\/\/kavnet.com.ar\/wp2\/wp-json\/wp\/v2\/comments?post=18"}],"version-history":[{"count":5,"href":"https:\/\/kavnet.com.ar\/wp2\/wp-json\/wp\/v2\/pages\/18\/revisions"}],"predecessor-version":[{"id":68,"href":"https:\/\/kavnet.com.ar\/wp2\/wp-json\/wp\/v2\/pages\/18\/revisions\/68"}],"wp:attachment":[{"href":"https:\/\/kavnet.com.ar\/wp2\/wp-json\/wp\/v2\/media?parent=18"}],"curies":[{"name":"wp","href":"https:\/\/api.w.org\/{rel}","templated":true}]}}